{"id":462,"date":"2025-10-15T06:58:52","date_gmt":"2025-10-15T04:58:52","guid":{"rendered":"https:\/\/www.repel.co.za\/politica-de-privacidade\/"},"modified":"2026-03-02T09:15:25","modified_gmt":"2026-03-02T07:15:25","slug":"politica-de-privacidade","status":"publish","type":"page","link":"https:\/\/www.repel.co.za\/pt-pt\/politica-de-privacidade\/","title":{"rendered":"Pol\u00edtica de Privacidade"},"content":{"rendered":"\t\t<div data-elementor-type=\"wp-page\" data-elementor-id=\"462\" class=\"elementor elementor-462 elementor-3\" data-elementor-post-type=\"page\">\n\t\t\t\t<div class=\"elementor-element elementor-element-20cbd470 e-flex e-con-boxed e-con e-parent\" data-id=\"20cbd470\" data-element_type=\"container\" data-e-type=\"container\">\n\t\t\t\t\t<div class=\"e-con-inner\">\n\t\t\t\t<div class=\"elementor-element elementor-element-25a4f559 elementor-widget elementor-widget-text-editor\" data-id=\"25a4f559\" data-element_type=\"widget\" data-e-type=\"widget\" data-widget_type=\"text-editor.default\">\n\t\t\t\t\t\t\t\t\t<h1><strong>Aviso Legal do S\u00edtio Web<\/strong><\/h1>\n<h2><strong>Condi\u00e7\u00f5es de Utiliza\u00e7\u00e3o<\/strong><\/h2>\n<ul>\n<li>O conte\u00fado das p\u00e1ginas deste s\u00edtio web foi criado para fins de marketing e deve ser utilizado apenas para informa\u00e7\u00e3o geral. O conte\u00fado est\u00e1 sujeito a altera\u00e7\u00f5es sem aviso pr\u00e9vio. <\/li>\n<li>A utiliza\u00e7\u00e3o de qualquer informa\u00e7\u00e3o ou material neste s\u00edtio web \u00e9 inteiramente por tua conta e risco, pelo qual n\u00e3o seremos respons\u00e1veis. Ser\u00e1 da tua responsabilidade garantir que quaisquer produtos, servi\u00e7os ou informa\u00e7\u00f5es dispon\u00edveis atrav\u00e9s deste s\u00edtio web satisfazem os teus requisitos espec\u00edficos. <\/li>\n<li>Este s\u00edtio web cont\u00e9m material que \u00e9 propriedade nossa ou licenciado para n\u00f3s. Este material inclui, mas n\u00e3o se limita a, o design, layout, aspeto, apar\u00eancia e gr\u00e1ficos. A reprodu\u00e7\u00e3o \u00e9 proibida, exceto de acordo com o aviso de direitos de autor, que faz parte destas condi\u00e7\u00f5es gerais.  <\/li>\n<li>Ocasionalmente, este s\u00edtio web pode tamb\u00e9m incluir liga\u00e7\u00f5es para outros s\u00edtios web. Estas liga\u00e7\u00f5es s\u00e3o fornecidas para tua conveni\u00eancia, a fim de fornecer mais informa\u00e7\u00f5es. N\u00e3o significam que aprovamos o(s) s\u00edtio(s) web. N\u00e3o temos qualquer responsabilidade pelo conte\u00fado do(s) s\u00edtio(s) web ligado(s).   <\/li>\n<\/ul>\n<h3><strong>Comunica\u00e7\u00f5es<\/strong><\/h3>\n<p>Podemos contactar-te sobre futuras ofertas e promo\u00e7\u00f5es da Repel que possam ser do teu interesse. No entanto, n\u00e3o partilharemos os teus dados de contacto com terceiros. Podes cancelar a subscri\u00e7\u00e3o a qualquer momento.  <\/p>\n<h3><strong>Pol\u00edtica de Privacidade<\/strong><\/h3>\n<p>A Repel est\u00e1 empenhada em garantir que a tua privacidade \u00e9 protegida. Se te pedirmos para fornecer determinadas informa\u00e7\u00f5es pelas quais possas ser identificado ao utilizar este s\u00edtio web, podes ter a certeza de que ser\u00e3o utilizadas apenas de acordo com esta declara\u00e7\u00e3o de privacidade. <\/p>\n<p><strong>O que recolhemos<\/strong><br>Podemos recolher as seguintes informa\u00e7\u00f5es:<\/p>\n<ul>\n<li>Nome e cargo<\/li>\n<li>Informa\u00e7\u00f5es de contacto, incluindo endere\u00e7o de e-mail.<\/li>\n<li>Informa\u00e7\u00f5es demogr\u00e1ficas, como c\u00f3digo postal, prefer\u00eancias e interesses.<\/li>\n<li>Outras informa\u00e7\u00f5es relevantes para inqu\u00e9ritos a clientes e\/ou servi\u00e7os.<\/li>\n<\/ul>\n<p><strong>O que fazemos com as informa\u00e7\u00f5es que recolhemos<\/strong><\/p>\n<p>Necessitamos destas informa\u00e7\u00f5es para compreender as tuas necessidades e fornecer-te um melhor servi\u00e7o, e em particular pelas seguintes raz\u00f5es:<\/p>\n<ul>\n<li>Manuten\u00e7\u00e3o de registos internos.<\/li>\n<li>Podemos utilizar as informa\u00e7\u00f5es para melhorar os nossos servi\u00e7os.<\/li>\n<li>Podemos utilizar as informa\u00e7\u00f5es para personalizar o s\u00edtio web de acordo com os teus interesses.<\/li>\n<\/ul>\n<h3><strong>Seguran\u00e7a<\/strong><\/h3>\n<p>Estamos empenhados em garantir que as tuas informa\u00e7\u00f5es est\u00e3o seguras. A fim de prevenir o acesso ou divulga\u00e7\u00e3o n\u00e3o autorizados, implement\u00e1mos procedimentos f\u00edsicos, eletr\u00f3nicos e de gest\u00e3o adequados para proteger e garantir a seguran\u00e7a das informa\u00e7\u00f5es que recolhemos online. <\/p>\n<h3><strong>Condi\u00e7\u00f5es de Utiliza\u00e7\u00e3o<\/strong><\/h3>\n<p>Bem-vindo ao nosso s\u00edtio web. Se continuares a navegar e a utilizar este s\u00edtio web, est\u00e1s a concordar em cumprir e ficar vinculado \u00e0s seguintes condi\u00e7\u00f5es de utiliza\u00e7\u00e3o, que juntamente com a nossa pol\u00edtica de privacidade regem a rela\u00e7\u00e3o entre ti e a Repel em rela\u00e7\u00e3o a este s\u00edtio web. <\/p>\n<p>Os termos Empresa ou &#8216;n\u00f3s&#8217; ou &#8216;nosso&#8217; referem-se ao propriet\u00e1rio do s\u00edtio web. O termo &#8216;tu&#8217; refere-se ao utilizador ou visitante do nosso s\u00edtio web. <\/p>\n<p>A utiliza\u00e7\u00e3o deste s\u00edtio web est\u00e1 sujeita \u00e0s seguintes condi\u00e7\u00f5es de utiliza\u00e7\u00e3o:<\/p>\n<p>O conte\u00fado das p\u00e1ginas deste s\u00edtio web destina-se apenas \u00e0 tua informa\u00e7\u00e3o e utiliza\u00e7\u00e3o geral. Est\u00e1 sujeito a altera\u00e7\u00f5es sem aviso pr\u00e9vio. <\/p>\n<p>Nem n\u00f3s nem terceiros fornecemos qualquer garantia quanto \u00e0 exatid\u00e3o, pontualidade, desempenho, integridade ou adequa\u00e7\u00e3o das informa\u00e7\u00f5es e materiais encontrados ou oferecidos neste s\u00edtio web para qualquer finalidade espec\u00edfica. Reconheces que tais informa\u00e7\u00f5es e materiais podem conter imprecis\u00f5es ou erros e exclu\u00edmos expressamente a responsabilidade por quaisquer imprecis\u00f5es ou erros na medida m\u00e1xima permitida por lei. <\/p>\n<p>A utiliza\u00e7\u00e3o de qualquer informa\u00e7\u00e3o ou material neste s\u00edtio web \u00e9 inteiramente por tua conta e risco, pelo qual n\u00e3o seremos respons\u00e1veis. Ser\u00e1 da tua responsabilidade garantir que quaisquer produtos, servi\u00e7os ou informa\u00e7\u00f5es dispon\u00edveis atrav\u00e9s deste s\u00edtio web satisfazem os teus requisitos espec\u00edficos. <\/p>\n<p>Este s\u00edtio web cont\u00e9m material que \u00e9 propriedade nossa ou licenciado para n\u00f3s. Este material pode incluir, mas n\u00e3o se limita a, o design, layout, aspeto, apar\u00eancia e gr\u00e1ficos. A reprodu\u00e7\u00e3o \u00e9 proibida, exceto de acordo com o aviso de direitos de autor, que faz parte destas condi\u00e7\u00f5es gerais.  <\/p>\n<p>Todas as marcas comerciais reproduzidas neste s\u00edtio web que n\u00e3o sejam propriedade do operador, ou licenciadas ao mesmo, s\u00e3o reconhecidas no s\u00edtio web.<\/p>\n<p>A utiliza\u00e7\u00e3o n\u00e3o autorizada deste s\u00edtio web pode dar origem a uma reclama\u00e7\u00e3o por danos e\/ou constituir um crime.<\/p>\n<p>Ocasionalmente, este s\u00edtio web pode tamb\u00e9m incluir liga\u00e7\u00f5es para outros s\u00edtios web. Estas liga\u00e7\u00f5es s\u00e3o fornecidas para tua conveni\u00eancia, a fim de fornecer mais informa\u00e7\u00f5es. N\u00e3o significam que aprovamos o(s) s\u00edtio(s) web. N\u00e3o temos qualquer responsabilidade pelo conte\u00fado do(s) s\u00edtio(s) web ligado(s).   <\/p>\n<p>A tua utiliza\u00e7\u00e3o deste s\u00edtio web e qualquer lit\u00edgio decorrente dessa utiliza\u00e7\u00e3o do s\u00edtio web est\u00e1 sujeito \u00e0s leis e jurisdi\u00e7\u00e3o da Rep\u00fablica da \u00c1frica do Sul.<\/p>\n<h2>Lei de Prote\u00e7\u00e3o de Informa\u00e7\u00f5es Pessoais (POPIA)<\/h2>\n<p>A Lei de Prote\u00e7\u00e3o de Informa\u00e7\u00f5es Pessoais (POPIA) entra em pleno vigor no dia 1 de julho de 2021. Esta lei de privacidade de dados foi concebida para proteger as tuas informa\u00e7\u00f5es pessoais. <\/p>\n<p>A Repel est\u00e1 totalmente em conformidade com a POPIA. Se estiveres satisfeito em continuar a receber informa\u00e7\u00f5es nossas sob a forma de mailers, medidas de marketing direto e informa\u00e7\u00f5es sobre os nossos produtos, esperamos manter o contacto. <\/p>\n<p>Se n\u00e3o estiveres interessado em continuar a receber material de marketing da Repel, podes cancelar a comunica\u00e7\u00e3o respondendo &#8220;Por favor, parem a comunica\u00e7\u00e3o&#8221; ou cancelando a subscri\u00e7\u00e3o de qualquer um dos e-mails enviados pela nossa equipa de marketing.<\/p>\n<p>Podes voltar a inscrever-te a qualquer momento no futuro!<\/p>\n<p>Se n\u00e3o cancelares a subscri\u00e7\u00e3o para receber material de marketing da Repel, concordas em continuar a receber o nosso material de marketing.<\/p>\n<p>Para mais informa\u00e7\u00f5es sobre a POPIA, visita https:\/\/popia.co.za<\/p>\n<p> <\/p>\t\t\t\t\t\t\t\t<\/div>\n\t\t\t\t\t<\/div>\n\t\t\t\t<\/div>\n\t\t\t\t<\/div>\n\t\t","protected":false},"excerpt":{"rendered":"<p>Aviso Legal do S\u00edtio Web Condi\u00e7\u00f5es de Utiliza\u00e7\u00e3o O conte\u00fado das p\u00e1ginas deste s\u00edtio web foi criado para fins de marketing e deve ser utilizado apenas para informa\u00e7\u00e3o geral. O conte\u00fado est\u00e1 sujeito a altera\u00e7\u00f5es sem aviso pr\u00e9vio. A utiliza\u00e7\u00e3o de qualquer informa\u00e7\u00e3o ou material neste s\u00edtio web \u00e9 inteiramente por tua conta e risco, [&hellip;]<\/p>\n","protected":false},"author":1,"featured_media":0,"parent":0,"menu_order":0,"comment_status":"closed","ping_status":"open","template":"","meta":{"footnotes":""},"class_list":["post-462","page","type-page","status-publish","hentry"],"_links":{"self":[{"href":"https:\/\/www.repel.co.za\/pt-pt\/wp-json\/wp\/v2\/pages\/462","targetHints":{"allow":["GET"]}}],"collection":[{"href":"https:\/\/www.repel.co.za\/pt-pt\/wp-json\/wp\/v2\/pages"}],"about":[{"href":"https:\/\/www.repel.co.za\/pt-pt\/wp-json\/wp\/v2\/types\/page"}],"author":[{"embeddable":true,"href":"https:\/\/www.repel.co.za\/pt-pt\/wp-json\/wp\/v2\/users\/1"}],"replies":[{"embeddable":true,"href":"https:\/\/www.repel.co.za\/pt-pt\/wp-json\/wp\/v2\/comments?post=462"}],"version-history":[{"count":1,"href":"https:\/\/www.repel.co.za\/pt-pt\/wp-json\/wp\/v2\/pages\/462\/revisions"}],"predecessor-version":[{"id":463,"href":"https:\/\/www.repel.co.za\/pt-pt\/wp-json\/wp\/v2\/pages\/462\/revisions\/463"}],"wp:attachment":[{"href":"https:\/\/www.repel.co.za\/pt-pt\/wp-json\/wp\/v2\/media?parent=462"}],"curies":[{"name":"wp","href":"https:\/\/api.w.org\/{rel}","templated":true}]}}