{"id":435,"date":"2025-10-15T06:58:52","date_gmt":"2025-10-15T04:58:52","guid":{"rendered":"https:\/\/www.repel.co.za\/politique-de-confidentialite\/"},"modified":"2026-03-02T08:41:10","modified_gmt":"2026-03-02T06:41:10","slug":"politique-de-confidentialite","status":"publish","type":"page","link":"https:\/\/www.repel.co.za\/fr\/politique-de-confidentialite\/","title":{"rendered":"Politique de confidentialit\u00e9"},"content":{"rendered":"\t\t<div data-elementor-type=\"wp-page\" data-elementor-id=\"435\" class=\"elementor elementor-435 elementor-3\" data-elementor-post-type=\"page\">\n\t\t\t\t<div class=\"elementor-element elementor-element-20cbd470 e-flex e-con-boxed e-con e-parent\" data-id=\"20cbd470\" data-element_type=\"container\" data-e-type=\"container\">\n\t\t\t\t\t<div class=\"e-con-inner\">\n\t\t\t\t<div class=\"elementor-element elementor-element-25a4f559 elementor-widget elementor-widget-text-editor\" data-id=\"25a4f559\" data-element_type=\"widget\" data-e-type=\"widget\" data-widget_type=\"text-editor.default\">\n\t\t\t\t\t\t\t\t\t<h1><strong>Avis de non-responsabilit\u00e9 du site web<\/strong><\/h1>\n<h2><strong>Conditions d&rsquo;utilisation<\/strong><\/h2>\n<ul>\n<li>Le contenu des pages de ce site web a \u00e9t\u00e9 cr\u00e9\u00e9 \u00e0 des fins de marketing et doit \u00eatre utilis\u00e9 \u00e0 titre d&rsquo;information g\u00e9n\u00e9rale uniquement. Le contenu est sujet \u00e0 modification sans pr\u00e9avis. <\/li>\n<li>L&rsquo;utilisation de toute information ou mat\u00e9riel sur ce site web est enti\u00e8rement \u00e0 tes propres risques, pour laquelle nous ne serons pas responsables. Il sera de ta seule responsabilit\u00e9 de t&rsquo;assurer que tous les produits, services ou informations disponibles via ce site web r\u00e9pondent \u00e0 tes besoins sp\u00e9cifiques. <\/li>\n<li>Ce site web contient du mat\u00e9riel qui nous appartient ou nous est conc\u00e9d\u00e9 sous licence. Ce mat\u00e9riel comprend, sans s&rsquo;y limiter, la conception, la mise en page, l&rsquo;aspect, l&rsquo;apparence et les graphiques. La reproduction est interdite, sauf conform\u00e9ment \u00e0 l&rsquo;avis de droit d&rsquo;auteur, qui fait partie de ces conditions g\u00e9n\u00e9rales.  <\/li>\n<li>De temps \u00e0 autre, ce site web peut \u00e9galement inclure des liens vers d&rsquo;autres sites web. Ces liens sont fournis pour ta commodit\u00e9 afin de fournir des informations suppl\u00e9mentaires. Ils ne signifient pas que nous approuvons le ou les sites web. Nous n&rsquo;avons aucune responsabilit\u00e9 quant au contenu du ou des sites web li\u00e9s.   <\/li>\n<\/ul>\n<h3><strong>Communications<\/strong><\/h3>\n<p>Nous pourrions te contacter concernant de futures offres et promotions de Repel qui pourraient t&rsquo;int\u00e9resser. Cependant, nous ne partagerons pas tes coordonn\u00e9es avec des tiers. Tu peux te d\u00e9sabonner \u00e0 tout moment.  <\/p>\n<h3><strong>Politique de confidentialit\u00e9<\/strong><\/h3>\n<p>Repel s&rsquo;engage \u00e0 assurer la protection de ta vie priv\u00e9e. Si nous te demandons de fournir certaines informations permettant de t&rsquo;identifier lors de l&rsquo;utilisation de ce site web, tu peux \u00eatre assur\u00e9 qu&rsquo;elles ne seront utilis\u00e9es que conform\u00e9ment \u00e0 cette d\u00e9claration de confidentialit\u00e9. <\/p>\n<p><strong>Ce que nous collectons<\/strong><br>Nous pouvons collecter les informations suivantes :<\/p>\n<ul>\n<li>Nom et fonction<\/li>\n<li>Coordonn\u00e9es, y compris l&rsquo;adresse e-mail.<\/li>\n<li>Informations d\u00e9mographiques telles que le code postal, les pr\u00e9f\u00e9rences et les centres d&rsquo;int\u00e9r\u00eat.<\/li>\n<li>Autres informations pertinentes pour les enqu\u00eates aupr\u00e8s des clients et\/ou les services.<\/li>\n<\/ul>\n<p><strong>Ce que nous faisons des informations que nous recueillons<\/strong><\/p>\n<p>Nous avons besoin de ces informations pour comprendre tes besoins et te fournir un meilleur service, et en particulier pour les raisons suivantes :<\/p>\n<ul>\n<li>Tenue de registres internes.<\/li>\n<li>Nous pouvons utiliser les informations pour am\u00e9liorer nos services.<\/li>\n<li>Nous pouvons utiliser les informations pour personnaliser le site web en fonction de tes int\u00e9r\u00eats.<\/li>\n<\/ul>\n<h3><strong>S\u00e9curit\u00e9<\/strong><\/h3>\n<p>Nous nous engageons \u00e0 assurer la s\u00e9curit\u00e9 de tes informations. Afin d&#8217;emp\u00eacher tout acc\u00e8s ou divulgation non autoris\u00e9, nous avons mis en place des proc\u00e9dures physiques, \u00e9lectroniques et de gestion appropri\u00e9es pour sauvegarder et s\u00e9curiser les informations que nous collectons en ligne. <\/p>\n<h3><strong>Conditions d&rsquo;utilisation<\/strong><\/h3>\n<p>Bienvenue sur notre site web. Si tu continues \u00e0 naviguer et \u00e0 utiliser ce site web, tu acceptes de te conformer et d&rsquo;\u00eatre li\u00e9 par les conditions d&rsquo;utilisation suivantes, qui, conjointement avec notre politique de confidentialit\u00e9, r\u00e9gissent la relation entre toi et Repel concernant ce site web. <\/p>\n<p>Les termes Soci\u00e9t\u00e9 ou \u00ab nous \u00bb ou \u00ab notre \u00bb ou \u00ab nos \u00bb d\u00e9signent le propri\u00e9taire du site web. Le terme \u00ab tu \u00bb d\u00e9signe l&rsquo;utilisateur ou le visiteur de notre site web. <\/p>\n<p>L&rsquo;utilisation de ce site web est soumise aux conditions d&rsquo;utilisation suivantes :<\/p>\n<p>Le contenu des pages de ce site web est destin\u00e9 \u00e0 ton information g\u00e9n\u00e9rale et \u00e0 ton usage uniquement. Il est sujet \u00e0 modification sans pr\u00e9avis. <\/p>\n<p>Ni nous ni aucun tiers ne fournissons de garantie quant \u00e0 l&rsquo;exactitude, l&rsquo;actualit\u00e9, la performance, l&rsquo;exhaustivit\u00e9 ou la pertinence des informations et du mat\u00e9riel trouv\u00e9s ou offerts sur ce site web \u00e0 des fins particuli\u00e8res. Tu reconnais que ces informations et ce mat\u00e9riel peuvent contenir des inexactitudes ou des erreurs et nous excluons express\u00e9ment toute responsabilit\u00e9 pour de telles inexactitudes ou erreurs dans toute la mesure permise par la loi. <\/p>\n<p>L&rsquo;utilisation de toute information ou mat\u00e9riel sur ce site web est enti\u00e8rement \u00e0 tes propres risques, pour laquelle nous ne serons pas responsables. Il sera de ta seule responsabilit\u00e9 de t&rsquo;assurer que tous les produits, services ou informations disponibles via ce site web r\u00e9pondent \u00e0 tes besoins sp\u00e9cifiques. <\/p>\n<p>Ce site web contient du mat\u00e9riel qui nous appartient ou nous est conc\u00e9d\u00e9 sous licence. Ce mat\u00e9riel peut inclure, sans s&rsquo;y limiter, la conception, la mise en page, l&rsquo;aspect, l&rsquo;apparence et les graphiques. La reproduction est interdite, sauf conform\u00e9ment \u00e0 l&rsquo;avis de droit d&rsquo;auteur, qui fait partie de ces conditions g\u00e9n\u00e9rales.  <\/p>\n<p>Toutes les marques d\u00e9pos\u00e9es reproduites sur ce site web qui ne sont pas la propri\u00e9t\u00e9 de l&rsquo;op\u00e9rateur, ou qui ne lui sont pas conc\u00e9d\u00e9es sous licence, sont reconnues sur le site web.<\/p>\n<p>L&rsquo;utilisation non autoris\u00e9e de ce site web peut donner lieu \u00e0 une demande de dommages et int\u00e9r\u00eats et\/ou constituer une infraction p\u00e9nale.<\/p>\n<p>De temps \u00e0 autre, ce site web peut \u00e9galement inclure des liens vers d&rsquo;autres sites web. Ces liens sont fournis pour ta commodit\u00e9 afin de fournir des informations suppl\u00e9mentaires. Ils ne signifient pas que nous approuvons le ou les sites web. Nous n&rsquo;avons aucune responsabilit\u00e9 quant au contenu du ou des sites web li\u00e9s.   <\/p>\n<p>Ton utilisation de ce site web et tout litige d\u00e9coulant de cette utilisation du site web sont soumis aux lois et \u00e0 la juridiction de la R\u00e9publique d&rsquo;Afrique du Sud.<\/p>\n<h2>Loi sur la protection des renseignements personnels (POPIA)<\/h2>\n<p>La loi sur la protection des renseignements personnels (POPIA) entre pleinement en vigueur le 1er juillet 2021. Cette loi sur la confidentialit\u00e9 des donn\u00e9es est con\u00e7ue pour prot\u00e9ger tes renseignements personnels. <\/p>\n<p>Repel est enti\u00e8rement conforme \u00e0 la POPIA. Si tu es heureux de continuer \u00e0 recevoir des informations de notre part sous forme de courriels, de mesures de marketing direct et d&rsquo;informations sur nos produits, nous sommes impatients de rester en contact. <\/p>\n<p>Si tu ne souhaites pas continuer \u00e0 recevoir du mat\u00e9riel marketing de Repel, tu peux te d\u00e9sabonner en r\u00e9pondant \u00ab Veuillez arr\u00eater toute communication future \u00bb ou en te d\u00e9sabonnant de l&rsquo;un des e-mails qui t&rsquo;ont \u00e9t\u00e9 envoy\u00e9s par notre \u00e9quipe marketing.<\/p>\n<p>Tu peux t&rsquo;inscrire \u00e0 nouveau \u00e0 tout moment \u00e0 l&rsquo;avenir !<\/p>\n<p>Si tu ne te d\u00e9sabonnes pas de la r\u00e9ception de mat\u00e9riel marketing de Repel, tu acceptes de continuer \u00e0 recevoir notre mat\u00e9riel marketing.<\/p>\n<p>Pour plus d&rsquo;informations sur la POPIA, veuillez visiter https:\/\/popia.co.za<\/p>\n<p> <\/p>\t\t\t\t\t\t\t\t<\/div>\n\t\t\t\t\t<\/div>\n\t\t\t\t<\/div>\n\t\t\t\t<\/div>\n\t\t","protected":false},"excerpt":{"rendered":"<p>Avis de non-responsabilit\u00e9 du site web Conditions d&rsquo;utilisation Le contenu des pages de ce site web a \u00e9t\u00e9 cr\u00e9\u00e9 \u00e0 des fins de marketing et doit \u00eatre utilis\u00e9 \u00e0 titre d&rsquo;information g\u00e9n\u00e9rale uniquement. Le contenu est sujet \u00e0 modification sans pr\u00e9avis. L&rsquo;utilisation de toute information ou mat\u00e9riel sur ce site web est enti\u00e8rement \u00e0 tes [&hellip;]<\/p>\n","protected":false},"author":1,"featured_media":0,"parent":0,"menu_order":0,"comment_status":"closed","ping_status":"open","template":"","meta":{"footnotes":""},"class_list":["post-435","page","type-page","status-publish","hentry"],"_links":{"self":[{"href":"https:\/\/www.repel.co.za\/fr\/wp-json\/wp\/v2\/pages\/435","targetHints":{"allow":["GET"]}}],"collection":[{"href":"https:\/\/www.repel.co.za\/fr\/wp-json\/wp\/v2\/pages"}],"about":[{"href":"https:\/\/www.repel.co.za\/fr\/wp-json\/wp\/v2\/types\/page"}],"author":[{"embeddable":true,"href":"https:\/\/www.repel.co.za\/fr\/wp-json\/wp\/v2\/users\/1"}],"replies":[{"embeddable":true,"href":"https:\/\/www.repel.co.za\/fr\/wp-json\/wp\/v2\/comments?post=435"}],"version-history":[{"count":1,"href":"https:\/\/www.repel.co.za\/fr\/wp-json\/wp\/v2\/pages\/435\/revisions"}],"predecessor-version":[{"id":436,"href":"https:\/\/www.repel.co.za\/fr\/wp-json\/wp\/v2\/pages\/435\/revisions\/436"}],"wp:attachment":[{"href":"https:\/\/www.repel.co.za\/fr\/wp-json\/wp\/v2\/media?parent=435"}],"curies":[{"name":"wp","href":"https:\/\/api.w.org\/{rel}","templated":true}]}}