{"id":404,"date":"2025-10-15T10:53:08","date_gmt":"2025-10-15T08:53:08","guid":{"rendered":"https:\/\/www.repel.co.za\/produits\/"},"modified":"2026-03-02T08:40:38","modified_gmt":"2026-03-02T06:40:38","slug":"produits","status":"publish","type":"page","link":"https:\/\/www.repel.co.za\/fr\/produits\/","title":{"rendered":"Produits"},"content":{"rendered":"\t\t<div data-elementor-type=\"wp-page\" data-elementor-id=\"404\" class=\"elementor elementor-404 elementor-207\" data-elementor-post-type=\"page\">\n\t\t\t\t<div class=\"elementor-element elementor-element-7d37727 e-flex e-con-boxed e-con e-parent\" data-id=\"7d37727\" data-element_type=\"container\" data-e-type=\"container\" data-settings=\"{&quot;background_background&quot;:&quot;classic&quot;,&quot;shape_divider_bottom&quot;:&quot;mountains&quot;}\">\n\t\t\t\t\t<div class=\"e-con-inner\">\n\t\t\t\t<div class=\"elementor-shape elementor-shape-bottom\" aria-hidden=\"true\" data-negative=\"false\">\n\t\t\t<svg xmlns=\"http:\/\/www.w3.org\/2000\/svg\" viewBox=\"0 0 1000 100\" preserveAspectRatio=\"none\">\n\t<path class=\"elementor-shape-fill\" opacity=\"0.33\" d=\"M473,67.3c-203.9,88.3-263.1-34-320.3,0C66,119.1,0,59.7,0,59.7V0h1000v59.7 c0,0-62.1,26.1-94.9,29.3c-32.8,3.3-62.8-12.3-75.8-22.1C806,49.6,745.3,8.7,694.9,4.7S492.4,59,473,67.3z\"\/>\n\t<path class=\"elementor-shape-fill\" opacity=\"0.66\" d=\"M734,67.3c-45.5,0-77.2-23.2-129.1-39.1c-28.6-8.7-150.3-10.1-254,39.1 s-91.7-34.4-149.2,0C115.7,118.3,0,39.8,0,39.8V0h1000v36.5c0,0-28.2-18.5-92.1-18.5C810.2,18.1,775.7,67.3,734,67.3z\"\/>\n\t<path class=\"elementor-shape-fill\" d=\"M766.1,28.9c-200-57.5-266,65.5-395.1,19.5C242,1.8,242,5.4,184.8,20.6C128,35.8,132.3,44.9,89.9,52.5C28.6,63.7,0,0,0,0 h1000c0,0-9.9,40.9-83.6,48.1S829.6,47,766.1,28.9z\"\/>\n<\/svg>\t\t<\/div>\n\t\t\t\t\t<\/div>\n\t\t\t\t<\/div>\n\t\t<div class=\"elementor-element elementor-element-775c828 e-flex e-con-boxed e-con e-parent\" data-id=\"775c828\" data-element_type=\"container\" data-e-type=\"container\">\n\t\t\t\t\t<div class=\"e-con-inner\">\n\t\t<div class=\"elementor-element elementor-element-387d89e e-con-full e-flex e-con e-child\" data-id=\"387d89e\" data-element_type=\"container\" data-e-type=\"container\">\n\t\t\t\t<div class=\"elementor-element elementor-element-42cfc6f elementor-widget elementor-widget-heading\" data-id=\"42cfc6f\" data-element_type=\"widget\" data-e-type=\"widget\" data-widget_type=\"heading.default\">\n\t\t\t\t\t<h1 class=\"elementor-heading-title elementor-size-default\">Protection pour chaque aventure<\/h1>\t\t\t\t<\/div>\n\t\t\t\t<\/div>\n\t\t<div class=\"elementor-element elementor-element-06cce98 e-con-full e-flex e-con e-child\" data-id=\"06cce98\" data-element_type=\"container\" data-e-type=\"container\">\n\t\t\t\t<div class=\"elementor-element elementor-element-ba58a71 elementor-widget elementor-widget-text-editor\" data-id=\"ba58a71\" data-element_type=\"widget\" data-e-type=\"widget\" data-widget_type=\"text-editor.default\">\n\t\t\t\t\t\t\t\t\t<p>Que tu sois \u00e0 la maison, en voyage ou en ext\u00e9rieur, Repel a un produit con\u00e7u pour s&rsquo;adapter \u00e0 ton style de vie. Notre formule sans DEET, inodore et non collante t&rsquo;offre jusqu&rsquo;\u00e0 8 heures de protection prouv\u00e9e contre les insectes, sans danger pour toute la famille \u00e0 partir de 6 mois. <\/p>\t\t\t\t\t\t\t\t<\/div>\n\t\t\t\t<div class=\"elementor-element elementor-element-8b55c24 elementor-widget elementor-widget-text-editor\" data-id=\"8b55c24\" data-element_type=\"widget\" data-e-type=\"widget\" data-widget_type=\"text-editor.default\">\n\t\t\t\t\t\t\t\t\t<p>Repel est disponible en cinq formats pratiques, afin que tu puisses choisir celui qui convient le mieux \u00e0 tes activit\u00e9s quotidiennes.<\/p>\t\t\t\t\t\t\t\t<\/div>\n\t\t\t\t<\/div>\n\t\t\t\t\t<\/div>\n\t\t\t\t<\/div>\n\t\t<div class=\"elementor-element elementor-element-fe58fcb e-flex e-con-boxed e-con e-parent\" data-id=\"fe58fcb\" data-element_type=\"container\" data-e-type=\"container\">\n\t\t\t\t\t<div class=\"e-con-inner\">\n\t\t\t\t<div class=\"elementor-element elementor-element-27c9baa eael-product-gallery-column-tablet-3 eael-product-gallery-column-mobile-1 eael-product-gallery-column-3 elementor-widget elementor-widget-eael-woo-product-gallery\" data-id=\"27c9baa\" data-element_type=\"widget\" data-e-type=\"widget\" data-settings=\"{&quot;eael_product_gallery_column_tablet&quot;:&quot;3&quot;,&quot;eael_product_gallery_column_mobile&quot;:&quot;1&quot;,&quot;eael_product_gallery_column&quot;:&quot;3&quot;}\" data-widget_type=\"eael-woo-product-gallery.default\">\n\t\t\t\t\t\n        <div class=\"eael-product-gallery eael-product-preset-4 grid eael-terms-layout-horizontal\" id=\"eael-product-gallery\" data-widget-id=\"27c9baa\" data-page-id=\"404\" data-nonce=\"df6522191f\" >\n\t\t\t\n            <div class=\"woocommerce\">\n\t\t\t\t<ul class=\"products eael-post-appender eael-post-appender-27c9baa\" data-layout-mode=\"grid\" data-ssi-desktop=\"no\" ><li class=\"product \">\n        <div class=\"eael-product-wrap\" data-src=\"\" data-src-hover=\"\" >\n    <img fetchpriority=\"high\" decoding=\"async\" width=\"430\" height=\"798\" src=\"https:\/\/www.repel.co.za\/wp-content\/uploads\/2025\/10\/repel-150ml-aerosol.png\" class=\"attachment-full size-full\" alt=\"A\u00e9rosol r\u00e9pulsif anti-insectes Repel - 150 ml\" loading=\"eager\" srcset=\"https:\/\/www.repel.co.za\/wp-content\/uploads\/2025\/10\/repel-150ml-aerosol.png 430w, https:\/\/www.repel.co.za\/wp-content\/uploads\/2025\/10\/repel-150ml-aerosol-162x300.png 162w\" sizes=\"(max-width: 430px) 100vw, 430px\" \/><h2 class=\"woocommerce-loop-product__title\">A\u00e9rosol r\u00e9pulsif anti-insectes Repel - 150 ml<\/h2><div class=\"eael-star-rating star-rating\"><span style=\"width:0%\">Note <strong class=\"rating\">0<\/strong> sur 5<\/span><\/div><div class=\"eael-product-price\"><\/div><a href=\"https:\/\/www.repel.co.za\/fr\/produit\/aerosol-repulsif-anti-insectes-repel-150-ml\/\" aria-describedby=\"woocommerce_loop_add_to_cart_link_describedby_528\" data-quantity=\"1\" class=\"button product_type_simple\" data-product_id=\"528\" data-product_sku=\"SH1824\" aria-label=\"En savoir plus sur &ldquo;A\u00e9rosol r\u00e9pulsif anti-insectes Repel - 150 ml&rdquo;\" rel=\"nofollow\" data-success_message=\"\">Lire la suite<\/a>\t<span id=\"woocommerce_loop_add_to_cart_link_describedby_528\" class=\"screen-reader-text\">\n\t\t\t<\/span>\n    <\/div>\n<\/li><li class=\"product \">\n        <div class=\"eael-product-wrap\" data-src=\"\" data-src-hover=\"\" >\n    <img decoding=\"async\" width=\"429\" height=\"798\" src=\"https:\/\/www.repel.co.za\/wp-content\/uploads\/2025\/10\/repel-30ml-spray-pen.png\" class=\"attachment-full size-full\" alt=\"Repel Stylo pulv\u00e9risateur r\u00e9pulsif anti-insectes \u2013 30 ml\" loading=\"eager\" srcset=\"https:\/\/www.repel.co.za\/wp-content\/uploads\/2025\/10\/repel-30ml-spray-pen.png 429w, https:\/\/www.repel.co.za\/wp-content\/uploads\/2025\/10\/repel-30ml-spray-pen-161x300.png 161w\" sizes=\"(max-width: 429px) 100vw, 429px\" \/><h2 class=\"woocommerce-loop-product__title\">Repel Stylo pulv\u00e9risateur r\u00e9pulsif anti-insectes \u2013 30 ml<\/h2><div class=\"eael-star-rating star-rating\"><span style=\"width:0%\">Note <strong class=\"rating\">0<\/strong> sur 5<\/span><\/div><div class=\"eael-product-price\"><\/div><a href=\"https:\/\/www.repel.co.za\/fr\/produit\/repel-stylo-pulverisateur-repulsif-anti-insectes-30-ml\/\" aria-describedby=\"woocommerce_loop_add_to_cart_link_describedby_538\" data-quantity=\"1\" class=\"button product_type_simple\" data-product_id=\"538\" data-product_sku=\"SH1812\" aria-label=\"En savoir plus sur &ldquo;Repel Stylo pulv\u00e9risateur r\u00e9pulsif anti-insectes \u2013 30 ml&rdquo;\" rel=\"nofollow\" data-success_message=\"\">Lire la suite<\/a>\t<span id=\"woocommerce_loop_add_to_cart_link_describedby_538\" class=\"screen-reader-text\">\n\t\t\t<\/span>\n    <\/div>\n<\/li><li class=\"product \">\n        <div class=\"eael-product-wrap\" data-src=\"\" data-src-hover=\"\" >\n    <img decoding=\"async\" width=\"430\" height=\"798\" src=\"https:\/\/www.repel.co.za\/wp-content\/uploads\/2025\/10\/repel-100ml-tube.png\" class=\"attachment-full size-full\" alt=\"R\u00e9pulsif Anti-Insectes Repel en Tube \u2013 100 ml\" loading=\"eager\" srcset=\"https:\/\/www.repel.co.za\/wp-content\/uploads\/2025\/10\/repel-100ml-tube.png 430w, https:\/\/www.repel.co.za\/wp-content\/uploads\/2025\/10\/repel-100ml-tube-162x300.png 162w\" sizes=\"(max-width: 430px) 100vw, 430px\" \/><h2 class=\"woocommerce-loop-product__title\">R\u00e9pulsif Anti-Insectes Repel en Tube \u2013 100 ml<\/h2><div class=\"eael-star-rating star-rating\"><span style=\"width:0%\">Note <strong class=\"rating\">0<\/strong> sur 5<\/span><\/div><div class=\"eael-product-price\"><\/div><a href=\"https:\/\/www.repel.co.za\/fr\/produit\/repulsif-anti-insectes-repel-en-tube-100-ml\/\" aria-describedby=\"woocommerce_loop_add_to_cart_link_describedby_537\" data-quantity=\"1\" class=\"button product_type_simple\" data-product_id=\"537\" data-product_sku=\"SH1656\" aria-label=\"En savoir plus sur &ldquo;R\u00e9pulsif Anti-Insectes Repel en Tube \u2013 100 ml&rdquo;\" rel=\"nofollow\" data-success_message=\"\">Lire la suite<\/a>\t<span id=\"woocommerce_loop_add_to_cart_link_describedby_537\" class=\"screen-reader-text\">\n\t\t\t<\/span>\n    <\/div>\n<\/li><li class=\"product \">\n        <div class=\"eael-product-wrap\" data-src=\"\" data-src-hover=\"\" >\n    <img decoding=\"async\" width=\"429\" height=\"798\" src=\"https:\/\/www.repel.co.za\/wp-content\/uploads\/2025\/10\/repel-150ml-spray.png\" class=\"attachment-full size-full\" alt=\"Spray r\u00e9pulsif anti-insectes Repel \u2013 150 ml\" loading=\"eager\" srcset=\"https:\/\/www.repel.co.za\/wp-content\/uploads\/2025\/10\/repel-150ml-spray.png 429w, https:\/\/www.repel.co.za\/wp-content\/uploads\/2025\/10\/repel-150ml-spray-161x300.png 161w\" sizes=\"(max-width: 429px) 100vw, 429px\" \/><h2 class=\"woocommerce-loop-product__title\">Spray r\u00e9pulsif anti-insectes Repel \u2013 150 ml<\/h2><div class=\"eael-star-rating star-rating\"><span style=\"width:0%\">Note <strong class=\"rating\">0<\/strong> sur 5<\/span><\/div><div class=\"eael-product-price\"><\/div><a href=\"https:\/\/www.repel.co.za\/fr\/produit\/spray-repulsif-anti-insectes-repel-150-ml\/\" aria-describedby=\"woocommerce_loop_add_to_cart_link_describedby_539\" data-quantity=\"1\" class=\"button product_type_simple\" data-product_id=\"539\" data-product_sku=\"SH1655\" aria-label=\"En savoir plus sur &ldquo;Spray r\u00e9pulsif anti-insectes Repel \u2013 150 ml&rdquo;\" rel=\"nofollow\" data-success_message=\"\">Lire la suite<\/a>\t<span id=\"woocommerce_loop_add_to_cart_link_describedby_539\" class=\"screen-reader-text\">\n\t\t\t<\/span>\n    <\/div>\n<\/li><li class=\"product \">\n        <div class=\"eael-product-wrap\" data-src=\"\" data-src-hover=\"\" >\n    <img decoding=\"async\" width=\"429\" height=\"798\" src=\"https:\/\/www.repel.co.za\/wp-content\/uploads\/2025\/10\/repel-30g-stick.png\" class=\"attachment-full size-full\" alt=\"Stick Anti-Insectes Repel - 30 g\" loading=\"eager\" srcset=\"https:\/\/www.repel.co.za\/wp-content\/uploads\/2025\/10\/repel-30g-stick.png 429w, https:\/\/www.repel.co.za\/wp-content\/uploads\/2025\/10\/repel-30g-stick-161x300.png 161w\" sizes=\"(max-width: 429px) 100vw, 429px\" \/><h2 class=\"woocommerce-loop-product__title\">Stick Anti-Insectes Repel - 30 g<\/h2><div class=\"eael-star-rating star-rating\"><span style=\"width:0%\">Note <strong class=\"rating\">0<\/strong> sur 5<\/span><\/div><div class=\"eael-product-price\"><\/div><a href=\"https:\/\/www.repel.co.za\/fr\/produit\/stick-anti-insectes-repel-30-g\/\" aria-describedby=\"woocommerce_loop_add_to_cart_link_describedby_535\" data-quantity=\"1\" class=\"button product_type_simple\" data-product_id=\"535\" data-product_sku=\"SH1461\" aria-label=\"En savoir plus sur &ldquo;Stick Anti-Insectes Repel - 30 g&rdquo;\" rel=\"nofollow\" data-success_message=\"\">Lire la suite<\/a>\t<span id=\"woocommerce_loop_add_to_cart_link_describedby_535\" class=\"screen-reader-text\">\n\t\t\t<\/span>\n    <\/div>\n<\/li><\/ul>            <div class=\"eael-load-more-button-wrap eael-force-hide\">\n                <button class=\"hide-load-more eael-load-more-button\" id=\"eael-load-more-btn-27c9baa\" data-widget-id=\"27c9baa\" data-widget=\"27c9baa\" data-page-id=\"404\" data-template=\"{&quot;dir&quot;:&quot;lite&quot;,&quot;file_name&quot;:&quot;preset-4.php&quot;,&quot;name&quot;:&quot;Woo-Product-Gallery&quot;}\" data-class=\"Essential_Addons_Elementor\\Elements\\Woo_Product_Gallery\" data-layout=\"grid\" data-page=\"1\" data-args=\"post_type=product&amp;post_status%5B0%5D=publish&amp;post_status%5B1%5D=pending&amp;post_status%5B2%5D=future&amp;posts_per_page=6&amp;order=asc&amp;tax_query%5Brelation%5D=AND&amp;tax_query%5B0%5D%5Btaxonomy%5D=product_visibility&amp;tax_query%5B0%5D%5Bfield%5D=name&amp;tax_query%5B0%5D%5Bterms%5D%5B0%5D=exclude-from-search&amp;tax_query%5B0%5D%5Bterms%5D%5B1%5D=exclude-from-catalog&amp;tax_query%5B0%5D%5Boperator%5D=NOT+IN&amp;orderby=title&amp;meta_query%5Brelation%5D=AND&amp;meta_query%5B0%5D%5Bkey%5D=_stock_status&amp;meta_query%5B0%5D%5Bvalue%5D=instock&amp;post__in%5B0%5D=150&amp;post__in%5B1%5D=166&amp;post__in%5B2%5D=168&amp;post__in%5B3%5D=170&amp;post__in%5B4%5D=172\" data-max-page=\"1\">\n                    <span class=\"eael-btn-loader button__loader\"><\/span>\n                    <span class=\"eael_load_more_text\"><\/span>\n                <\/button>\n            <\/div>\n                        <\/div>\n        <\/div>\n        <script type=\"text\/javascript\">\n\t\t\tjQuery(document).ready(function ($) {\n\t\t\t\tvar $scope = jQuery(\".elementor-element-27c9baa\");\n\t\t\t\tvar $products = $('.products', $scope);\n\t\t\t\tvar $layout_mode = $products.data('layout-mode');\n\n\t\t\t\tif ($layout_mode === 'masonry') {\n\t\t\t\t\t\/\/ init isotope\n\t\t\t\t\tvar $isotope_products = $products.isotope({ itemSelector: \"li.product\", layoutMode: $layout_mode, percentPosition: true });\n\t\t\t\t\t$isotope_products.imagesLoaded().progress(function () {\n\t\t\t\t\t\t$isotope_products.isotope('layout');\n\t\t\t\t\t})\n\n\t\t\t\t\t$(window).on('resize', function () {\n\t\t\t\t\t\t$isotope_products.isotope('layout');\n\t\t\t\t\t});\n\t\t\t\t}\n\t\t\t});\n        <\/script>\n\t\t\t\t\t\t<\/div>\n\t\t\t\t\t<\/div>\n\t\t\t\t<\/div>\n\t\t<div class=\"elementor-element elementor-element-334e272 e-con-full e-flex e-con e-parent\" data-id=\"334e272\" data-element_type=\"container\" data-e-type=\"container\" data-settings=\"{&quot;background_background&quot;:&quot;classic&quot;}\">\n\t\t<div class=\"elementor-element elementor-element-ca5f68e e-con-full e-flex e-con e-child\" data-id=\"ca5f68e\" data-element_type=\"container\" data-e-type=\"container\">\n\t\t\t\t<div class=\"elementor-element elementor-element-300e6bd elementor-widget elementor-widget-image\" data-id=\"300e6bd\" data-element_type=\"widget\" data-e-type=\"widget\" data-widget_type=\"image.default\">\n\t\t\t\t\t\t\t\t\t\t\t\t\t\t\t<img decoding=\"async\" width=\"500\" height=\"500\" src=\"https:\/\/www.repel.co.za\/wp-content\/uploads\/2025\/10\/repel-msds-1.jpg\" class=\"attachment-large size-large wp-image-407\" alt=\"Contacte-nous d\u00e8s aujourd&#039;hui pour trouver ton revendeur Repel le plus proche.\" srcset=\"https:\/\/www.repel.co.za\/wp-content\/uploads\/2025\/10\/repel-msds-1.jpg 500w, https:\/\/www.repel.co.za\/wp-content\/uploads\/2025\/10\/repel-msds-1-300x300.jpg 300w, https:\/\/www.repel.co.za\/wp-content\/uploads\/2025\/10\/repel-msds-1-150x150.jpg 150w, https:\/\/www.repel.co.za\/wp-content\/uploads\/2025\/10\/repel-msds-1-100x100.jpg 100w\" sizes=\"(max-width: 500px) 100vw, 500px\" \/>\t\t\t\t\t\t\t\t\t\t\t\t\t\t\t<\/div>\n\t\t\t\t<\/div>\n\t\t<div class=\"elementor-element elementor-element-e0de934 e-con-full e-flex e-con e-child\" data-id=\"e0de934\" data-element_type=\"container\" data-e-type=\"container\">\n\t\t\t\t<div class=\"elementor-element elementor-element-c454d55 elementor-widget elementor-widget-text-editor\" data-id=\"c454d55\" data-element_type=\"widget\" data-e-type=\"widget\" data-widget_type=\"text-editor.default\">\n\t\t\t\t\t\t\t\t\tRepel a le bon produit pour chaque style de vie \u2013 des sorties quotidiennes aux aventures en plein air. Choisis le format qui te convient et garde ta famille prot\u00e9g\u00e9e, partout, tout le temps. \t\t\t\t\t\t\t\t<\/div>\n\t\t\t\t<div class=\"elementor-element elementor-element-43f0c3f elementor-widget elementor-widget-heading\" data-id=\"43f0c3f\" data-element_type=\"widget\" data-e-type=\"widget\" data-widget_type=\"heading.default\">\n\t\t\t\t\t<h3 class=\"elementor-heading-title elementor-size-default\">Contacte-nous d\u00e8s aujourd'hui pour trouver ton revendeur Repel le plus proche.<\/h3>\t\t\t\t<\/div>\n\t\t\t\t<\/div>\n\t\t\t\t<\/div>\n\t\t\t\t<\/div>\n\t\t","protected":false},"excerpt":{"rendered":"<p>Protection pour chaque aventure Que tu sois \u00e0 la maison, en voyage ou en ext\u00e9rieur, Repel a un produit con\u00e7u pour s&rsquo;adapter \u00e0 ton style de vie. Notre formule sans DEET, inodore et non collante t&rsquo;offre jusqu&rsquo;\u00e0 8 heures de protection prouv\u00e9e contre les insectes, sans danger pour toute la famille \u00e0 partir de 6 [&hellip;]<\/p>\n","protected":false},"author":1,"featured_media":0,"parent":0,"menu_order":0,"comment_status":"closed","ping_status":"closed","template":"elementor_header_footer","meta":{"footnotes":""},"class_list":["post-404","page","type-page","status-publish","hentry"],"_links":{"self":[{"href":"https:\/\/www.repel.co.za\/fr\/wp-json\/wp\/v2\/pages\/404","targetHints":{"allow":["GET"]}}],"collection":[{"href":"https:\/\/www.repel.co.za\/fr\/wp-json\/wp\/v2\/pages"}],"about":[{"href":"https:\/\/www.repel.co.za\/fr\/wp-json\/wp\/v2\/types\/page"}],"author":[{"embeddable":true,"href":"https:\/\/www.repel.co.za\/fr\/wp-json\/wp\/v2\/users\/1"}],"replies":[{"embeddable":true,"href":"https:\/\/www.repel.co.za\/fr\/wp-json\/wp\/v2\/comments?post=404"}],"version-history":[{"count":1,"href":"https:\/\/www.repel.co.za\/fr\/wp-json\/wp\/v2\/pages\/404\/revisions"}],"predecessor-version":[{"id":408,"href":"https:\/\/www.repel.co.za\/fr\/wp-json\/wp\/v2\/pages\/404\/revisions\/408"}],"wp:attachment":[{"href":"https:\/\/www.repel.co.za\/fr\/wp-json\/wp\/v2\/media?parent=404"}],"curies":[{"name":"wp","href":"https:\/\/api.w.org\/{rel}","templated":true}]}}